{"id":416,"date":"2021-01-31T21:34:20","date_gmt":"2021-01-31T21:34:20","guid":{"rendered":"https:\/\/cgtcatalunya.cat\/formacio\/?page_id=416"},"modified":"2021-05-01T08:09:05","modified_gmt":"2021-05-01T08:09:05","slug":"biblioteca","status":"publish","type":"page","link":"https:\/\/formaciocgt.cat\/index.php\/biblioteca\/","title":{"rendered":"Biblioteca"},"content":{"rendered":"\n<div class=\"wp-block-themeisle-blocks-advanced-columns has-1-columns has-desktop-equal-layout has-tablet-equal-layout has-mobile-equal-layout has-default-gap has-vertical-unset\" id=\"wp-block-themeisle-blocks-advanced-columns-de3e1c2e\"><div class=\"wp-block-themeisle-blocks-advanced-columns-overlay\"><\/div><div class=\"innerblocks-wrap\">\n<div class=\"wp-block-themeisle-blocks-advanced-column\" id=\"wp-block-themeisle-blocks-advanced-column-0a3df208\">\n<h2 class=\"wp-block-heading\">Biblioteca de materials de formaci\u00f3 <\/h2>\n\n\n\n<p>Ja tenim funcionant la nova biblioteca virtual. Encara l&#8217;estem acabant de preparar, ordenar, etc&#8230; Per\u00f2 mentrestant ja podeu accedir-hi perconsultar i descarregar materials. Podeu accedir-hi de 2 formes diferents:<\/p>\n\n\n\n<p><strong>1.-<\/strong> A trav\u00e9s d&#8217;aquest enlla\u00e7, utilitzant l&#8217;usuari  <em>convidada<\/em>  i la contrassenya  <em>ConvidadaConvidada1<\/em> . Si ho feu d&#8217;aquesta manera podreu navegar a trav\u00e9s de les carpetes, descarregar materials i utilitzar el buscador situat a dalt a la dreta.<\/p>\n\n\n\n<p><a href=\"https:\/\/nuvol.formaciocgt.cat\">https:\/\/nuvol.formaciocgt.cat<\/a><\/p>\n\n\n\n<p><strong>2.-<\/strong> A trav\u00e9s d&#8217;aquest enlla\u00e7 p\u00fablic, que no requereix usuari. Podreu navegar a trav\u00e9s de les carpetes i descarregar materials, per\u00f2 no utilitzar el buscador.<\/p>\n\n\n\n<p><a href=\"https:\/\/nuvol.formaciocgt.cat\/index.php\/s\/HFsZypKN8QsKygk\">https:\/\/nuvol.formaciocgt.cat\/index.php\/s\/HFsZypKN8QsKygk<\/a><\/p>\n\n\n\n<p>Si teniu qualsevol dubte sobre la biblioteca us podeu posar en contacte amb nosaltres i mirarem de resoldre&#8217;l.<\/p>\n\n\n\n<p>Si teniu materials que cregueu que poden ser \u00fatils per afegir a la biblioteca ens els podeu fer arribar.<\/p>\n<\/div>\n<\/div><\/div>\n\n\n\n<figure class=\"wp-block-image size-large\"><img loading=\"lazy\" decoding=\"async\" width=\"1024\" height=\"683\" src=\"https:\/\/formaciocgt.cat\/wp-content\/uploads\/2021\/05\/1uvQCWIZ3amjtMWtkvDrgug.jpeg\" alt=\"\" class=\"wp-image-547\" srcset=\"https:\/\/formaciocgt.cat\/wp-content\/uploads\/2021\/05\/1uvQCWIZ3amjtMWtkvDrgug.jpeg 1024w, https:\/\/formaciocgt.cat\/wp-content\/uploads\/2021\/05\/1uvQCWIZ3amjtMWtkvDrgug-300x200.jpeg 300w, https:\/\/formaciocgt.cat\/wp-content\/uploads\/2021\/05\/1uvQCWIZ3amjtMWtkvDrgug-768x512.jpeg 768w, https:\/\/formaciocgt.cat\/wp-content\/uploads\/2021\/05\/1uvQCWIZ3amjtMWtkvDrgug-360x240.jpeg 360w\" sizes=\"auto, (max-width: 1024px) 100vw, 1024px\" \/><\/figure>\n","protected":false},"excerpt":{"rendered":"","protected":false},"author":2,"featured_media":479,"parent":0,"menu_order":0,"comment_status":"closed","ping_status":"closed","template":"","meta":{"footnotes":""},"class_list":["post-416","page","type-page","status-publish","has-post-thumbnail","hentry"],"yoast_head":"<!-- This site is optimized with the Yoast SEO plugin v25.0 - https:\/\/yoast.com\/wordpress\/plugins\/seo\/ -->\n<title>Biblioteca - Formaci\u00f3 CGT Catalunya<\/title>\n<meta name=\"robots\" content=\"index, follow, max-snippet:-1, max-image-preview:large, max-video-preview:-1\" \/>\n<link rel=\"canonical\" href=\"https:\/\/formaciocgt.cat\/index.php\/biblioteca\/\" \/>\n<meta property=\"og:locale\" content=\"ca_ES\" \/>\n<meta property=\"og:type\" content=\"article\" \/>\n<meta property=\"og:title\" content=\"Biblioteca - Formaci\u00f3 CGT Catalunya\" \/>\n<meta property=\"og:url\" content=\"https:\/\/formaciocgt.cat\/index.php\/biblioteca\/\" \/>\n<meta property=\"og:site_name\" content=\"Formaci\u00f3 CGT Catalunya\" \/>\n<meta property=\"article:modified_time\" content=\"2021-05-01T08:09:05+00:00\" \/>\n<meta property=\"og:image\" content=\"https:\/\/formaciocgt.cat\/wp-content\/uploads\/2021\/02\/fons.jpg\" \/>\n\t<meta property=\"og:image:width\" content=\"1024\" \/>\n\t<meta property=\"og:image:height\" content=\"683\" \/>\n\t<meta property=\"og:image:type\" content=\"image\/jpeg\" \/>\n<meta name=\"twitter:card\" content=\"summary_large_image\" \/>\n<meta name=\"twitter:label1\" content=\"Temps estimat de lectura\" \/>\n\t<meta name=\"twitter:data1\" content=\"1 minut\" \/>\n<script type=\"application\/ld+json\" class=\"yoast-schema-graph\">{\"@context\":\"https:\/\/schema.org\",\"@graph\":[{\"@type\":\"WebPage\",\"@id\":\"https:\/\/formaciocgt.cat\/index.php\/biblioteca\/\",\"url\":\"https:\/\/formaciocgt.cat\/index.php\/biblioteca\/\",\"name\":\"Biblioteca - Formaci\u00f3 CGT Catalunya\",\"isPartOf\":{\"@id\":\"https:\/\/formaciocgt.cat\/#website\"},\"primaryImageOfPage\":{\"@id\":\"https:\/\/formaciocgt.cat\/index.php\/biblioteca\/#primaryimage\"},\"image\":{\"@id\":\"https:\/\/formaciocgt.cat\/index.php\/biblioteca\/#primaryimage\"},\"thumbnailUrl\":\"https:\/\/formaciocgt.cat\/wp-content\/uploads\/2021\/02\/fons.jpg\",\"datePublished\":\"2021-01-31T21:34:20+00:00\",\"dateModified\":\"2021-05-01T08:09:05+00:00\",\"breadcrumb\":{\"@id\":\"https:\/\/formaciocgt.cat\/index.php\/biblioteca\/#breadcrumb\"},\"inLanguage\":\"ca\",\"potentialAction\":[{\"@type\":\"ReadAction\",\"target\":[\"https:\/\/formaciocgt.cat\/index.php\/biblioteca\/\"]}]},{\"@type\":\"ImageObject\",\"inLanguage\":\"ca\",\"@id\":\"https:\/\/formaciocgt.cat\/index.php\/biblioteca\/#primaryimage\",\"url\":\"https:\/\/formaciocgt.cat\/wp-content\/uploads\/2021\/02\/fons.jpg\",\"contentUrl\":\"https:\/\/formaciocgt.cat\/wp-content\/uploads\/2021\/02\/fons.jpg\",\"width\":1024,\"height\":683},{\"@type\":\"BreadcrumbList\",\"@id\":\"https:\/\/formaciocgt.cat\/index.php\/biblioteca\/#breadcrumb\",\"itemListElement\":[{\"@type\":\"ListItem\",\"position\":1,\"name\":\"Home\",\"item\":\"https:\/\/formaciocgt.cat\/\"},{\"@type\":\"ListItem\",\"position\":2,\"name\":\"Biblioteca\"}]},{\"@type\":\"WebSite\",\"@id\":\"https:\/\/formaciocgt.cat\/#website\",\"url\":\"https:\/\/formaciocgt.cat\/\",\"name\":\"Formaci\u00f3 CGT Catalunya\",\"description\":\"Formem-nos per guanyar\",\"potentialAction\":[{\"@type\":\"SearchAction\",\"target\":{\"@type\":\"EntryPoint\",\"urlTemplate\":\"https:\/\/formaciocgt.cat\/?s={search_term_string}\"},\"query-input\":{\"@type\":\"PropertyValueSpecification\",\"valueRequired\":true,\"valueName\":\"search_term_string\"}}],\"inLanguage\":\"ca\"}]}<\/script>\n<!-- \/ Yoast SEO plugin. -->","yoast_head_json":{"title":"Biblioteca - Formaci\u00f3 CGT Catalunya","robots":{"index":"index","follow":"follow","max-snippet":"max-snippet:-1","max-image-preview":"max-image-preview:large","max-video-preview":"max-video-preview:-1"},"canonical":"https:\/\/formaciocgt.cat\/index.php\/biblioteca\/","og_locale":"ca_ES","og_type":"article","og_title":"Biblioteca - Formaci\u00f3 CGT Catalunya","og_url":"https:\/\/formaciocgt.cat\/index.php\/biblioteca\/","og_site_name":"Formaci\u00f3 CGT Catalunya","article_modified_time":"2021-05-01T08:09:05+00:00","og_image":[{"width":1024,"height":683,"url":"https:\/\/formaciocgt.cat\/wp-content\/uploads\/2021\/02\/fons.jpg","type":"image\/jpeg"}],"twitter_card":"summary_large_image","twitter_misc":{"Temps estimat de lectura":"1 minut"},"schema":{"@context":"https:\/\/schema.org","@graph":[{"@type":"WebPage","@id":"https:\/\/formaciocgt.cat\/index.php\/biblioteca\/","url":"https:\/\/formaciocgt.cat\/index.php\/biblioteca\/","name":"Biblioteca - Formaci\u00f3 CGT Catalunya","isPartOf":{"@id":"https:\/\/formaciocgt.cat\/#website"},"primaryImageOfPage":{"@id":"https:\/\/formaciocgt.cat\/index.php\/biblioteca\/#primaryimage"},"image":{"@id":"https:\/\/formaciocgt.cat\/index.php\/biblioteca\/#primaryimage"},"thumbnailUrl":"https:\/\/formaciocgt.cat\/wp-content\/uploads\/2021\/02\/fons.jpg","datePublished":"2021-01-31T21:34:20+00:00","dateModified":"2021-05-01T08:09:05+00:00","breadcrumb":{"@id":"https:\/\/formaciocgt.cat\/index.php\/biblioteca\/#breadcrumb"},"inLanguage":"ca","potentialAction":[{"@type":"ReadAction","target":["https:\/\/formaciocgt.cat\/index.php\/biblioteca\/"]}]},{"@type":"ImageObject","inLanguage":"ca","@id":"https:\/\/formaciocgt.cat\/index.php\/biblioteca\/#primaryimage","url":"https:\/\/formaciocgt.cat\/wp-content\/uploads\/2021\/02\/fons.jpg","contentUrl":"https:\/\/formaciocgt.cat\/wp-content\/uploads\/2021\/02\/fons.jpg","width":1024,"height":683},{"@type":"BreadcrumbList","@id":"https:\/\/formaciocgt.cat\/index.php\/biblioteca\/#breadcrumb","itemListElement":[{"@type":"ListItem","position":1,"name":"Home","item":"https:\/\/formaciocgt.cat\/"},{"@type":"ListItem","position":2,"name":"Biblioteca"}]},{"@type":"WebSite","@id":"https:\/\/formaciocgt.cat\/#website","url":"https:\/\/formaciocgt.cat\/","name":"Formaci\u00f3 CGT Catalunya","description":"Formem-nos per guanyar","potentialAction":[{"@type":"SearchAction","target":{"@type":"EntryPoint","urlTemplate":"https:\/\/formaciocgt.cat\/?s={search_term_string}"},"query-input":{"@type":"PropertyValueSpecification","valueRequired":true,"valueName":"search_term_string"}}],"inLanguage":"ca"}]}},"_links":{"self":[{"href":"https:\/\/formaciocgt.cat\/index.php\/wp-json\/wp\/v2\/pages\/416","targetHints":{"allow":["GET"]}}],"collection":[{"href":"https:\/\/formaciocgt.cat\/index.php\/wp-json\/wp\/v2\/pages"}],"about":[{"href":"https:\/\/formaciocgt.cat\/index.php\/wp-json\/wp\/v2\/types\/page"}],"author":[{"embeddable":true,"href":"https:\/\/formaciocgt.cat\/index.php\/wp-json\/wp\/v2\/users\/2"}],"replies":[{"embeddable":true,"href":"https:\/\/formaciocgt.cat\/index.php\/wp-json\/wp\/v2\/comments?post=416"}],"version-history":[{"count":7,"href":"https:\/\/formaciocgt.cat\/index.php\/wp-json\/wp\/v2\/pages\/416\/revisions"}],"predecessor-version":[{"id":550,"href":"https:\/\/formaciocgt.cat\/index.php\/wp-json\/wp\/v2\/pages\/416\/revisions\/550"}],"wp:featuredmedia":[{"embeddable":true,"href":"https:\/\/formaciocgt.cat\/index.php\/wp-json\/wp\/v2\/media\/479"}],"wp:attachment":[{"href":"https:\/\/formaciocgt.cat\/index.php\/wp-json\/wp\/v2\/media?parent=416"}],"curies":[{"name":"wp","href":"https:\/\/api.w.org\/{rel}","templated":true}]}}