{"id":414,"date":"2021-01-31T21:33:46","date_gmt":"2021-01-31T21:33:46","guid":{"rendered":"https:\/\/cgtcatalunya.cat\/formacio\/?page_id=414"},"modified":"2023-05-10T13:06:48","modified_gmt":"2023-05-10T13:06:48","slug":"llistat-de-formacions","status":"publish","type":"page","link":"https:\/\/formaciocgt.cat\/index.php\/llistat-de-formacions\/","title":{"rendered":"Llistat de formacions"},"content":{"rendered":"\n<div class=\"wp-block-themeisle-blocks-advanced-columns has-1-columns has-desktop-equal-layout has-tablet-equal-layout has-mobile-equal-layout has-default-gap has-vertical-unset\" id=\"wp-block-themeisle-blocks-advanced-columns-0e925299\"><div class=\"wp-block-themeisle-blocks-advanced-columns-overlay\"><\/div><div class=\"innerblocks-wrap\">\n<div class=\"wp-block-themeisle-blocks-advanced-column\" id=\"wp-block-themeisle-blocks-advanced-column-c40e3dd9\">\n<p>Aquest \u00e9s un llistat d&#8217;algunes de les formacions disponibles que podeu demanar. De totes formes, si hi ha algun tema que volgueu tractar i que no est\u00e0 al llistat, poseu-vos en contacte amb nosaltres i buscarem qui pugui impartir-lo.<\/p>\n<\/div>\n<\/div><\/div>\n\n\n\n<h2 class=\"wp-block-heading\">Formacions b\u00e0siques<\/h2>\n\n\n\n<ul class=\"wp-block-list\"><li><strong>Introducci\u00f3 a la CGT, senyes d&#8217;identitat. <\/strong>Xerrada sobre qu\u00e8 \u00e9s la CGT, com funciona i com lluita<\/li><li><strong>Drets laborals b\u00e0sics. <\/strong>Formaci\u00f3 sobre la legislaci\u00f3 b\u00e0sica que protegeix els nostres drets com a persones treballadores.<\/li><li><strong>Lectura de n\u00f2mines. <\/strong>Formaci\u00f3 sobre qu\u00e8 \u00e9s una n\u00f2mina, quina informaci\u00f3 ha de tenir reflexada i com saber llegir-la<\/li><li><strong>Assamblearisme i coordinaci\u00f3. <\/strong>Taller sobre com participem d&#8217;assamblees i d&#8217;estructures federals sense caure en din\u00e0miques autorit\u00e0ries.<\/li><li><strong>Transici\u00f3 Eco-Social.<\/strong> Explora conceptes com Peak oil, Peakofeverything, Escalfament Global, Green New Deal o decreixement. <\/li><\/ul>\n\n\n\n<p><\/p>\n\n\n\n<h2 class=\"wp-block-heading\">Altres formacions<\/h2>\n\n\n\n<ul class=\"wp-block-list\"><li><strong>Negociaci\u00f3 de convenis col\u00b7lectius. <\/strong>Formaci\u00f3 dirigida a les estrat\u00e8gies de negociaci\u00f3 i lluita.<\/li><li><strong>Convocat\u00f2ria i realitzaci\u00f3 de vagues. <\/strong>Formaci\u00f3 sobre les q\u00fcestions legals de la convocat\u00f2ria de vagues, per\u00f2 tamb\u00e9 sobre les estrat\u00e8gies i t\u00e0ctiques per guanyar-les<\/li><li><strong>\u00das sindical de les xarxes socials. <\/strong>Formaci\u00f3 sobre com portar les xarxes socials i com treure&#8217;n profit.<\/li><li><strong>Comunicaci\u00f3 i premsa. <\/strong>Formaci\u00f3 sobre q\u00fcestions b\u00e0siques d&#8217;estrategia comunicativa i sobre relacions amb premsa.<\/li><li><strong>Orat\u00f2ria i discurs. <\/strong>Taller sobre t\u00e8cniques de parlar en p\u00fablic i d&#8217;el\u00b7laboraci\u00f3 del discurs. <\/li><li><strong>Seguretat inform\u00e0tica. <\/strong>Taller per aprendre a utilitzar les eines digitals de forma segura.<\/li><li><strong>Organitzaci\u00f3 i participaci\u00f3 en Congressos de la CGT. <\/strong>Formaci\u00f3-taller sobre com es duen a terme els Congressos de la CGT.<\/li><li><strong>Dret d&#8217;informaci\u00f3<\/strong>. Quines informacions podem exigir a l&#8217;empresa que ens doni? <\/li><\/ul>\n\n\n\n<p><\/p>\n","protected":false},"excerpt":{"rendered":"<p>Formacions b\u00e0siques Introducci\u00f3 a la CGT, senyes d&#8217;identitat. Xerrada sobre qu\u00e8 \u00e9s la CGT, com funciona i com lluita Drets laborals b\u00e0sics. Formaci\u00f3 sobre la legislaci\u00f3 b\u00e0sica que protegeix els nostres drets com a persones treballadores. Lectura de n\u00f2mines. Formaci\u00f3 sobre qu\u00e8 \u00e9s una n\u00f2mina, quina informaci\u00f3 ha de tenir [&hellip;]<\/p>\n","protected":false},"author":2,"featured_media":479,"parent":0,"menu_order":0,"comment_status":"closed","ping_status":"closed","template":"","meta":{"footnotes":""},"class_list":["post-414","page","type-page","status-publish","has-post-thumbnail","hentry"],"yoast_head":"<!-- This site is optimized with the Yoast SEO plugin v25.0 - https:\/\/yoast.com\/wordpress\/plugins\/seo\/ -->\n<title>Llistat de formacions - Formaci\u00f3 CGT Catalunya<\/title>\n<meta name=\"robots\" content=\"index, follow, max-snippet:-1, max-image-preview:large, max-video-preview:-1\" \/>\n<link rel=\"canonical\" href=\"https:\/\/formaciocgt.cat\/index.php\/llistat-de-formacions\/\" \/>\n<meta property=\"og:locale\" content=\"ca_ES\" \/>\n<meta property=\"og:type\" content=\"article\" \/>\n<meta property=\"og:title\" content=\"Llistat de formacions - Formaci\u00f3 CGT Catalunya\" \/>\n<meta property=\"og:description\" content=\"Formacions b\u00e0siques Introducci\u00f3 a la CGT, senyes d&#8217;identitat. Xerrada sobre qu\u00e8 \u00e9s la CGT, com funciona i com lluita Drets laborals b\u00e0sics. Formaci\u00f3 sobre la legislaci\u00f3 b\u00e0sica que protegeix els nostres drets com a persones treballadores. Lectura de n\u00f2mines. Formaci\u00f3 sobre qu\u00e8 \u00e9s una n\u00f2mina, quina informaci\u00f3 ha de tenir [&hellip;]\" \/>\n<meta property=\"og:url\" content=\"https:\/\/formaciocgt.cat\/index.php\/llistat-de-formacions\/\" \/>\n<meta property=\"og:site_name\" content=\"Formaci\u00f3 CGT Catalunya\" \/>\n<meta property=\"article:modified_time\" content=\"2023-05-10T13:06:48+00:00\" \/>\n<meta property=\"og:image\" content=\"https:\/\/formaciocgt.cat\/wp-content\/uploads\/2021\/02\/fons.jpg\" \/>\n\t<meta property=\"og:image:width\" content=\"1024\" \/>\n\t<meta property=\"og:image:height\" content=\"683\" \/>\n\t<meta property=\"og:image:type\" content=\"image\/jpeg\" \/>\n<meta name=\"twitter:card\" content=\"summary_large_image\" \/>\n<meta name=\"twitter:label1\" content=\"Temps estimat de lectura\" \/>\n\t<meta name=\"twitter:data1\" content=\"2 minuts\" \/>\n<script type=\"application\/ld+json\" class=\"yoast-schema-graph\">{\"@context\":\"https:\/\/schema.org\",\"@graph\":[{\"@type\":\"WebPage\",\"@id\":\"https:\/\/formaciocgt.cat\/index.php\/llistat-de-formacions\/\",\"url\":\"https:\/\/formaciocgt.cat\/index.php\/llistat-de-formacions\/\",\"name\":\"Llistat de formacions - Formaci\u00f3 CGT Catalunya\",\"isPartOf\":{\"@id\":\"https:\/\/formaciocgt.cat\/#website\"},\"primaryImageOfPage\":{\"@id\":\"https:\/\/formaciocgt.cat\/index.php\/llistat-de-formacions\/#primaryimage\"},\"image\":{\"@id\":\"https:\/\/formaciocgt.cat\/index.php\/llistat-de-formacions\/#primaryimage\"},\"thumbnailUrl\":\"https:\/\/formaciocgt.cat\/wp-content\/uploads\/2021\/02\/fons.jpg\",\"datePublished\":\"2021-01-31T21:33:46+00:00\",\"dateModified\":\"2023-05-10T13:06:48+00:00\",\"breadcrumb\":{\"@id\":\"https:\/\/formaciocgt.cat\/index.php\/llistat-de-formacions\/#breadcrumb\"},\"inLanguage\":\"ca\",\"potentialAction\":[{\"@type\":\"ReadAction\",\"target\":[\"https:\/\/formaciocgt.cat\/index.php\/llistat-de-formacions\/\"]}]},{\"@type\":\"ImageObject\",\"inLanguage\":\"ca\",\"@id\":\"https:\/\/formaciocgt.cat\/index.php\/llistat-de-formacions\/#primaryimage\",\"url\":\"https:\/\/formaciocgt.cat\/wp-content\/uploads\/2021\/02\/fons.jpg\",\"contentUrl\":\"https:\/\/formaciocgt.cat\/wp-content\/uploads\/2021\/02\/fons.jpg\",\"width\":1024,\"height\":683},{\"@type\":\"BreadcrumbList\",\"@id\":\"https:\/\/formaciocgt.cat\/index.php\/llistat-de-formacions\/#breadcrumb\",\"itemListElement\":[{\"@type\":\"ListItem\",\"position\":1,\"name\":\"Home\",\"item\":\"https:\/\/formaciocgt.cat\/\"},{\"@type\":\"ListItem\",\"position\":2,\"name\":\"Llistat de formacions\"}]},{\"@type\":\"WebSite\",\"@id\":\"https:\/\/formaciocgt.cat\/#website\",\"url\":\"https:\/\/formaciocgt.cat\/\",\"name\":\"Formaci\u00f3 CGT Catalunya\",\"description\":\"Formem-nos per guanyar\",\"potentialAction\":[{\"@type\":\"SearchAction\",\"target\":{\"@type\":\"EntryPoint\",\"urlTemplate\":\"https:\/\/formaciocgt.cat\/?s={search_term_string}\"},\"query-input\":{\"@type\":\"PropertyValueSpecification\",\"valueRequired\":true,\"valueName\":\"search_term_string\"}}],\"inLanguage\":\"ca\"}]}<\/script>\n<!-- \/ Yoast SEO plugin. -->","yoast_head_json":{"title":"Llistat de formacions - Formaci\u00f3 CGT Catalunya","robots":{"index":"index","follow":"follow","max-snippet":"max-snippet:-1","max-image-preview":"max-image-preview:large","max-video-preview":"max-video-preview:-1"},"canonical":"https:\/\/formaciocgt.cat\/index.php\/llistat-de-formacions\/","og_locale":"ca_ES","og_type":"article","og_title":"Llistat de formacions - Formaci\u00f3 CGT Catalunya","og_description":"Formacions b\u00e0siques Introducci\u00f3 a la CGT, senyes d&#8217;identitat. Xerrada sobre qu\u00e8 \u00e9s la CGT, com funciona i com lluita Drets laborals b\u00e0sics. Formaci\u00f3 sobre la legislaci\u00f3 b\u00e0sica que protegeix els nostres drets com a persones treballadores. Lectura de n\u00f2mines. Formaci\u00f3 sobre qu\u00e8 \u00e9s una n\u00f2mina, quina informaci\u00f3 ha de tenir [&hellip;]","og_url":"https:\/\/formaciocgt.cat\/index.php\/llistat-de-formacions\/","og_site_name":"Formaci\u00f3 CGT Catalunya","article_modified_time":"2023-05-10T13:06:48+00:00","og_image":[{"width":1024,"height":683,"url":"https:\/\/formaciocgt.cat\/wp-content\/uploads\/2021\/02\/fons.jpg","type":"image\/jpeg"}],"twitter_card":"summary_large_image","twitter_misc":{"Temps estimat de lectura":"2 minuts"},"schema":{"@context":"https:\/\/schema.org","@graph":[{"@type":"WebPage","@id":"https:\/\/formaciocgt.cat\/index.php\/llistat-de-formacions\/","url":"https:\/\/formaciocgt.cat\/index.php\/llistat-de-formacions\/","name":"Llistat de formacions - Formaci\u00f3 CGT Catalunya","isPartOf":{"@id":"https:\/\/formaciocgt.cat\/#website"},"primaryImageOfPage":{"@id":"https:\/\/formaciocgt.cat\/index.php\/llistat-de-formacions\/#primaryimage"},"image":{"@id":"https:\/\/formaciocgt.cat\/index.php\/llistat-de-formacions\/#primaryimage"},"thumbnailUrl":"https:\/\/formaciocgt.cat\/wp-content\/uploads\/2021\/02\/fons.jpg","datePublished":"2021-01-31T21:33:46+00:00","dateModified":"2023-05-10T13:06:48+00:00","breadcrumb":{"@id":"https:\/\/formaciocgt.cat\/index.php\/llistat-de-formacions\/#breadcrumb"},"inLanguage":"ca","potentialAction":[{"@type":"ReadAction","target":["https:\/\/formaciocgt.cat\/index.php\/llistat-de-formacions\/"]}]},{"@type":"ImageObject","inLanguage":"ca","@id":"https:\/\/formaciocgt.cat\/index.php\/llistat-de-formacions\/#primaryimage","url":"https:\/\/formaciocgt.cat\/wp-content\/uploads\/2021\/02\/fons.jpg","contentUrl":"https:\/\/formaciocgt.cat\/wp-content\/uploads\/2021\/02\/fons.jpg","width":1024,"height":683},{"@type":"BreadcrumbList","@id":"https:\/\/formaciocgt.cat\/index.php\/llistat-de-formacions\/#breadcrumb","itemListElement":[{"@type":"ListItem","position":1,"name":"Home","item":"https:\/\/formaciocgt.cat\/"},{"@type":"ListItem","position":2,"name":"Llistat de formacions"}]},{"@type":"WebSite","@id":"https:\/\/formaciocgt.cat\/#website","url":"https:\/\/formaciocgt.cat\/","name":"Formaci\u00f3 CGT Catalunya","description":"Formem-nos per guanyar","potentialAction":[{"@type":"SearchAction","target":{"@type":"EntryPoint","urlTemplate":"https:\/\/formaciocgt.cat\/?s={search_term_string}"},"query-input":{"@type":"PropertyValueSpecification","valueRequired":true,"valueName":"search_term_string"}}],"inLanguage":"ca"}]}},"_links":{"self":[{"href":"https:\/\/formaciocgt.cat\/index.php\/wp-json\/wp\/v2\/pages\/414","targetHints":{"allow":["GET"]}}],"collection":[{"href":"https:\/\/formaciocgt.cat\/index.php\/wp-json\/wp\/v2\/pages"}],"about":[{"href":"https:\/\/formaciocgt.cat\/index.php\/wp-json\/wp\/v2\/types\/page"}],"author":[{"embeddable":true,"href":"https:\/\/formaciocgt.cat\/index.php\/wp-json\/wp\/v2\/users\/2"}],"replies":[{"embeddable":true,"href":"https:\/\/formaciocgt.cat\/index.php\/wp-json\/wp\/v2\/comments?post=414"}],"version-history":[{"count":6,"href":"https:\/\/formaciocgt.cat\/index.php\/wp-json\/wp\/v2\/pages\/414\/revisions"}],"predecessor-version":[{"id":599,"href":"https:\/\/formaciocgt.cat\/index.php\/wp-json\/wp\/v2\/pages\/414\/revisions\/599"}],"wp:featuredmedia":[{"embeddable":true,"href":"https:\/\/formaciocgt.cat\/index.php\/wp-json\/wp\/v2\/media\/479"}],"wp:attachment":[{"href":"https:\/\/formaciocgt.cat\/index.php\/wp-json\/wp\/v2\/media?parent=414"}],"curies":[{"name":"wp","href":"https:\/\/api.w.org\/{rel}","templated":true}]}}