{"id":399,"date":"2021-01-31T21:06:30","date_gmt":"2021-01-31T21:06:30","guid":{"rendered":"https:\/\/cgtcatalunya.cat\/formacio\/?page_id=399"},"modified":"2021-02-22T07:54:27","modified_gmt":"2021-02-22T07:54:27","slug":"calendari-de-formacions","status":"publish","type":"page","link":"https:\/\/formaciocgt.cat\/index.php\/calendari-de-formacions\/","title":{"rendered":"Calendari de formacions"},"content":{"rendered":"\n<div class=\"wp-block-themeisle-blocks-advanced-columns has-1-columns has-desktop-equal-layout has-tablet-equal-layout has-mobile-equal-layout has-default-gap has-vertical-unset\" id=\"wp-block-themeisle-blocks-advanced-columns-fe55ade8\"><div class=\"wp-block-themeisle-blocks-advanced-columns-overlay\"><\/div><div class=\"innerblocks-wrap\">\n<div class=\"wp-block-themeisle-blocks-advanced-column\" id=\"wp-block-themeisle-blocks-advanced-column-8990c3c0\">\n<p>Aquest calendari us permet veure totes les formacions organitzades per la Secretaria de Formaci\u00f3 de CGT Catalunya, aix\u00ed com les activitats organitzades per altres ens de CGT. La divisi\u00f3 territorial no segueix un criteri org\u00e0nic, sin\u00f3 per proximitat i geogr\u00e0fica i conexi\u00f3 comunicativa.<br><br>Si voleu, podeu vincular-lo al vostre calendari personal. Al final podeu trobar com  fer-ho.<\/p>\n<\/div>\n<\/div><\/div>\n\n\n<p><iframe loading=\"lazy\" width=\"100%\" height=\"800px\" style=\"border: 5px solid #000000;\" src=\"https:\/\/teamup.com\/ks32dq6o8ypt9hs7r6?view=l&amp;showProfileAndInfo=0&amp;showSidepanel=1&amp;disableSidepanel=0&amp;weekStartDay=mo&amp;showAgendaHeader=1&amp;showAgendaDetails=0&amp;showYearViewHeader=1\" frameborder=\"0\"><\/iframe><\/p>\n\n\n<p> <\/p>\n\n\n\n<hr class=\"wp-block-separator\"\/>\n\n\n\n<h2 class=\"wp-block-heading\">Vincular-lo al teu calendari<\/h2>\n\n\n\n<p>Per tal de vincular aquest calendari al vostre personal, i que aix\u00ed us apareguin les formacions de forma autom\u00e0tica, consulteu les opcions d&#8217;importaci\u00f3 del calendari que utilitzeu. <\/p>\n\n\n\n<p>En aquest manual podreu trobar les passes sobre com fer-ho exactament per diferents tipus de calendari com Google Calendar, Apple iCal, etc&#8230; :<\/p>\n\n\n\n<p><a href=\"https:\/\/calendar.teamup.com\/kb\/subscribe-to-teamup-icalendar-feeds\/\">https:\/\/calendar.teamup.com\/kb\/subscribe-to-teamup-icalendar-feeds\/<\/a><\/p>\n\n\n\n<p>Quan us demani de quin &#8220;feed&#8221; importar la informaci\u00f3 heu de posar algun d&#8217;aquests enlla\u00e7os:<\/p>\n\n\n\n<p>Tots els calendaris:<br>https:\/\/ics.teamup.com\/feed\/ks32dq6o8ypt9hs7r6\/0.ics<br><br>Sols activitats de CGT Catalunya:<br>https:\/\/ics.teamup.com\/feed\/ks32dq6o8ypt9hs7r6\/9010620.ics<br><br>Sols activitats de CGT Estatal:<br>https:\/\/ics.teamup.com\/feed\/ks32dq6o8ypt9hs7r6\/9286491.ics<br><br>Barcelona i rodalies: <br>https:\/\/ics.teamup.com\/feed\/ks32dq6o8ypt9hs7r6\/9260916.ics<br><br>Catalunya central:<br>https:\/\/ics.teamup.com\/feed\/ks32dq6o8ypt9hs7r6\/9234822.ics<br><br>Girona i Pirineus orientals:<br>https:\/\/ics.teamup.com\/feed\/ks32dq6o8ypt9hs7r6\/9260918.ics<br><br>Lleida i Pirineus occidentals:<br>https:\/\/ics.teamup.com\/feed\/ks32dq6o8ypt9hs7r6\/9260917.ics<br><br>Tarragona i Terres de l&#8217;Ebre:<br>https:\/\/ics.teamup.com\/feed\/ks32dq6o8ypt9hs7r6\/9260920.ics<\/p>\n","protected":false},"excerpt":{"rendered":"<p>Vincular-lo al teu calendari Per tal de vincular aquest calendari al vostre personal, i que aix\u00ed us apareguin les formacions de forma autom\u00e0tica, consulteu les opcions d&#8217;importaci\u00f3 del calendari que utilitzeu. En aquest manual podreu trobar les passes sobre com fer-ho exactament per diferents tipus de calendari com Google Calendar, [&hellip;]<\/p>\n","protected":false},"author":2,"featured_media":479,"parent":0,"menu_order":0,"comment_status":"closed","ping_status":"closed","template":"page-templates\/template-fullwidth.php","meta":{"footnotes":""},"class_list":["post-399","page","type-page","status-publish","has-post-thumbnail","hentry"],"yoast_head":"<!-- This site is optimized with the Yoast SEO plugin v25.0 - https:\/\/yoast.com\/wordpress\/plugins\/seo\/ -->\n<title>Calendari de formacions - Formaci\u00f3 CGT Catalunya<\/title>\n<meta name=\"robots\" content=\"index, follow, max-snippet:-1, max-image-preview:large, max-video-preview:-1\" \/>\n<link rel=\"canonical\" href=\"https:\/\/formaciocgt.cat\/index.php\/calendari-de-formacions\/\" \/>\n<meta property=\"og:locale\" content=\"ca_ES\" \/>\n<meta property=\"og:type\" content=\"article\" \/>\n<meta property=\"og:title\" content=\"Calendari de formacions - Formaci\u00f3 CGT Catalunya\" \/>\n<meta property=\"og:description\" content=\"Vincular-lo al teu calendari Per tal de vincular aquest calendari al vostre personal, i que aix\u00ed us apareguin les formacions de forma autom\u00e0tica, consulteu les opcions d&#8217;importaci\u00f3 del calendari que utilitzeu. En aquest manual podreu trobar les passes sobre com fer-ho exactament per diferents tipus de calendari com Google Calendar, [&hellip;]\" \/>\n<meta property=\"og:url\" content=\"https:\/\/formaciocgt.cat\/index.php\/calendari-de-formacions\/\" \/>\n<meta property=\"og:site_name\" content=\"Formaci\u00f3 CGT Catalunya\" \/>\n<meta property=\"article:modified_time\" content=\"2021-02-22T07:54:27+00:00\" \/>\n<meta property=\"og:image\" content=\"https:\/\/formaciocgt.cat\/wp-content\/uploads\/2021\/02\/fons.jpg\" \/>\n\t<meta property=\"og:image:width\" content=\"1024\" \/>\n\t<meta property=\"og:image:height\" content=\"683\" \/>\n\t<meta property=\"og:image:type\" content=\"image\/jpeg\" \/>\n<meta name=\"twitter:card\" content=\"summary_large_image\" \/>\n<meta name=\"twitter:label1\" content=\"Temps estimat de lectura\" \/>\n\t<meta name=\"twitter:data1\" content=\"1 minut\" \/>\n<script type=\"application\/ld+json\" class=\"yoast-schema-graph\">{\"@context\":\"https:\/\/schema.org\",\"@graph\":[{\"@type\":\"WebPage\",\"@id\":\"https:\/\/formaciocgt.cat\/index.php\/calendari-de-formacions\/\",\"url\":\"https:\/\/formaciocgt.cat\/index.php\/calendari-de-formacions\/\",\"name\":\"Calendari de formacions - Formaci\u00f3 CGT Catalunya\",\"isPartOf\":{\"@id\":\"https:\/\/formaciocgt.cat\/#website\"},\"primaryImageOfPage\":{\"@id\":\"https:\/\/formaciocgt.cat\/index.php\/calendari-de-formacions\/#primaryimage\"},\"image\":{\"@id\":\"https:\/\/formaciocgt.cat\/index.php\/calendari-de-formacions\/#primaryimage\"},\"thumbnailUrl\":\"https:\/\/formaciocgt.cat\/wp-content\/uploads\/2021\/02\/fons.jpg\",\"datePublished\":\"2021-01-31T21:06:30+00:00\",\"dateModified\":\"2021-02-22T07:54:27+00:00\",\"breadcrumb\":{\"@id\":\"https:\/\/formaciocgt.cat\/index.php\/calendari-de-formacions\/#breadcrumb\"},\"inLanguage\":\"ca\",\"potentialAction\":[{\"@type\":\"ReadAction\",\"target\":[\"https:\/\/formaciocgt.cat\/index.php\/calendari-de-formacions\/\"]}]},{\"@type\":\"ImageObject\",\"inLanguage\":\"ca\",\"@id\":\"https:\/\/formaciocgt.cat\/index.php\/calendari-de-formacions\/#primaryimage\",\"url\":\"https:\/\/formaciocgt.cat\/wp-content\/uploads\/2021\/02\/fons.jpg\",\"contentUrl\":\"https:\/\/formaciocgt.cat\/wp-content\/uploads\/2021\/02\/fons.jpg\",\"width\":1024,\"height\":683},{\"@type\":\"BreadcrumbList\",\"@id\":\"https:\/\/formaciocgt.cat\/index.php\/calendari-de-formacions\/#breadcrumb\",\"itemListElement\":[{\"@type\":\"ListItem\",\"position\":1,\"name\":\"Home\",\"item\":\"https:\/\/formaciocgt.cat\/\"},{\"@type\":\"ListItem\",\"position\":2,\"name\":\"Calendari de formacions\"}]},{\"@type\":\"WebSite\",\"@id\":\"https:\/\/formaciocgt.cat\/#website\",\"url\":\"https:\/\/formaciocgt.cat\/\",\"name\":\"Formaci\u00f3 CGT Catalunya\",\"description\":\"Formem-nos per guanyar\",\"potentialAction\":[{\"@type\":\"SearchAction\",\"target\":{\"@type\":\"EntryPoint\",\"urlTemplate\":\"https:\/\/formaciocgt.cat\/?s={search_term_string}\"},\"query-input\":{\"@type\":\"PropertyValueSpecification\",\"valueRequired\":true,\"valueName\":\"search_term_string\"}}],\"inLanguage\":\"ca\"}]}<\/script>\n<!-- \/ Yoast SEO plugin. -->","yoast_head_json":{"title":"Calendari de formacions - Formaci\u00f3 CGT Catalunya","robots":{"index":"index","follow":"follow","max-snippet":"max-snippet:-1","max-image-preview":"max-image-preview:large","max-video-preview":"max-video-preview:-1"},"canonical":"https:\/\/formaciocgt.cat\/index.php\/calendari-de-formacions\/","og_locale":"ca_ES","og_type":"article","og_title":"Calendari de formacions - Formaci\u00f3 CGT Catalunya","og_description":"Vincular-lo al teu calendari Per tal de vincular aquest calendari al vostre personal, i que aix\u00ed us apareguin les formacions de forma autom\u00e0tica, consulteu les opcions d&#8217;importaci\u00f3 del calendari que utilitzeu. En aquest manual podreu trobar les passes sobre com fer-ho exactament per diferents tipus de calendari com Google Calendar, [&hellip;]","og_url":"https:\/\/formaciocgt.cat\/index.php\/calendari-de-formacions\/","og_site_name":"Formaci\u00f3 CGT Catalunya","article_modified_time":"2021-02-22T07:54:27+00:00","og_image":[{"width":1024,"height":683,"url":"https:\/\/formaciocgt.cat\/wp-content\/uploads\/2021\/02\/fons.jpg","type":"image\/jpeg"}],"twitter_card":"summary_large_image","twitter_misc":{"Temps estimat de lectura":"1 minut"},"schema":{"@context":"https:\/\/schema.org","@graph":[{"@type":"WebPage","@id":"https:\/\/formaciocgt.cat\/index.php\/calendari-de-formacions\/","url":"https:\/\/formaciocgt.cat\/index.php\/calendari-de-formacions\/","name":"Calendari de formacions - Formaci\u00f3 CGT Catalunya","isPartOf":{"@id":"https:\/\/formaciocgt.cat\/#website"},"primaryImageOfPage":{"@id":"https:\/\/formaciocgt.cat\/index.php\/calendari-de-formacions\/#primaryimage"},"image":{"@id":"https:\/\/formaciocgt.cat\/index.php\/calendari-de-formacions\/#primaryimage"},"thumbnailUrl":"https:\/\/formaciocgt.cat\/wp-content\/uploads\/2021\/02\/fons.jpg","datePublished":"2021-01-31T21:06:30+00:00","dateModified":"2021-02-22T07:54:27+00:00","breadcrumb":{"@id":"https:\/\/formaciocgt.cat\/index.php\/calendari-de-formacions\/#breadcrumb"},"inLanguage":"ca","potentialAction":[{"@type":"ReadAction","target":["https:\/\/formaciocgt.cat\/index.php\/calendari-de-formacions\/"]}]},{"@type":"ImageObject","inLanguage":"ca","@id":"https:\/\/formaciocgt.cat\/index.php\/calendari-de-formacions\/#primaryimage","url":"https:\/\/formaciocgt.cat\/wp-content\/uploads\/2021\/02\/fons.jpg","contentUrl":"https:\/\/formaciocgt.cat\/wp-content\/uploads\/2021\/02\/fons.jpg","width":1024,"height":683},{"@type":"BreadcrumbList","@id":"https:\/\/formaciocgt.cat\/index.php\/calendari-de-formacions\/#breadcrumb","itemListElement":[{"@type":"ListItem","position":1,"name":"Home","item":"https:\/\/formaciocgt.cat\/"},{"@type":"ListItem","position":2,"name":"Calendari de formacions"}]},{"@type":"WebSite","@id":"https:\/\/formaciocgt.cat\/#website","url":"https:\/\/formaciocgt.cat\/","name":"Formaci\u00f3 CGT Catalunya","description":"Formem-nos per guanyar","potentialAction":[{"@type":"SearchAction","target":{"@type":"EntryPoint","urlTemplate":"https:\/\/formaciocgt.cat\/?s={search_term_string}"},"query-input":{"@type":"PropertyValueSpecification","valueRequired":true,"valueName":"search_term_string"}}],"inLanguage":"ca"}]}},"_links":{"self":[{"href":"https:\/\/formaciocgt.cat\/index.php\/wp-json\/wp\/v2\/pages\/399","targetHints":{"allow":["GET"]}}],"collection":[{"href":"https:\/\/formaciocgt.cat\/index.php\/wp-json\/wp\/v2\/pages"}],"about":[{"href":"https:\/\/formaciocgt.cat\/index.php\/wp-json\/wp\/v2\/types\/page"}],"author":[{"embeddable":true,"href":"https:\/\/formaciocgt.cat\/index.php\/wp-json\/wp\/v2\/users\/2"}],"replies":[{"embeddable":true,"href":"https:\/\/formaciocgt.cat\/index.php\/wp-json\/wp\/v2\/comments?post=399"}],"version-history":[{"count":14,"href":"https:\/\/formaciocgt.cat\/index.php\/wp-json\/wp\/v2\/pages\/399\/revisions"}],"predecessor-version":[{"id":578,"href":"https:\/\/formaciocgt.cat\/index.php\/wp-json\/wp\/v2\/pages\/399\/revisions\/578"}],"wp:featuredmedia":[{"embeddable":true,"href":"https:\/\/formaciocgt.cat\/index.php\/wp-json\/wp\/v2\/media\/479"}],"wp:attachment":[{"href":"https:\/\/formaciocgt.cat\/index.php\/wp-json\/wp\/v2\/media?parent=399"}],"curies":[{"name":"wp","href":"https:\/\/api.w.org\/{rel}","templated":true}]}}